{"id":858,"date":"2026-03-11T11:58:29","date_gmt":"2026-03-11T11:58:29","guid":{"rendered":"https:\/\/777companysas.com\/?post_type=product&#038;p=858"},"modified":"2026-03-11T11:58:29","modified_gmt":"2026-03-11T11:58:29","slug":"lavadora-samsung-bespoke-carga-superior-ai-wash-19-kilos-wa80f19s8bco-negra","status":"publish","type":"product","link":"https:\/\/777companysas.com\/index.php\/producto\/lavadora-samsung-bespoke-carga-superior-ai-wash-19-kilos-wa80f19s8bco-negra\/","title":{"rendered":"Lavadora SAMSUNG Bespoke Carga Superior AI Wash 19 Kilos WA80F19S8BCO Negra"},"content":{"rendered":"<p>Lavadora Bespoke AI SAMSUNG\u00a0\u00a0WA80F19S8BCO con una capacidad de 19KG y la tecnolog\u00eda AI Wash, capaz de detectar el peso y el tipo de tejido, sugiri\u00e9ndote configuraciones, como el nivel de agua y los tiempos de lavado. Gracias a AI EcoBubble\u2122, el detergente se disuelve de forma m\u00e1s efectiva, garantizando una limpieza profunda. Adem\u00e1s, con AI Energy puedes monitorear y reducir tu consumo hasta un 60 %. Con\u00e9ctala a SmartThings y activa Super Speed para disminuir el tiempo de lavado en un 56 %. Una experiencia r\u00e1pida y eficiente \u00a1C\u00f3mprala ya \u00a1<\/p>\n","protected":false},"excerpt":{"rendered":"<ul class=\"tab-details__keyFeatures--list\">\n<li class=\"tab-details__keyFeatures--item\">AI Wash: Lavado inteligente, detecta el peso y tipo de tela<\/li>\n<li class=\"tab-details__keyFeatures--item\">EcoBubble\u2122: Limpieza eficiente, ahorra agua y cuida tu ropa<\/li>\n<li class=\"tab-details__keyFeatures--item\">Modo AI Energy: Monitorea y ahorra energ\u00eda desde tu celular*<\/li>\n<li class=\"tab-details__keyFeatures--item\">SmartThings: WiFi &#8211; Control y cuidado desde tu celular*<\/li>\n<li class=\"tab-details__keyFeatures--item\">Super Speed: Ahorra hasta un 56% en tiempo de lavado*<\/li>\n<\/ul>\n","protected":false},"featured_media":859,"comment_status":"open","ping_status":"closed","template":"","meta":[],"product_brand":[19],"product_cat":[28],"product_tag":[],"class_list":{"0":"post-858","1":"product","2":"type-product","3":"status-publish","4":"has-post-thumbnail","6":"product_brand-samsung","7":"product_cat-lavadoras","9":"first","10":"instock","11":"shipping-taxable","12":"product-type-simple"},"_links":{"self":[{"href":"https:\/\/777companysas.com\/index.php\/wp-json\/wp\/v2\/product\/858","targetHints":{"allow":["GET"]}}],"collection":[{"href":"https:\/\/777companysas.com\/index.php\/wp-json\/wp\/v2\/product"}],"about":[{"href":"https:\/\/777companysas.com\/index.php\/wp-json\/wp\/v2\/types\/product"}],"replies":[{"embeddable":true,"href":"https:\/\/777companysas.com\/index.php\/wp-json\/wp\/v2\/comments?post=858"}],"wp:featuredmedia":[{"embeddable":true,"href":"https:\/\/777companysas.com\/index.php\/wp-json\/wp\/v2\/media\/859"}],"wp:attachment":[{"href":"https:\/\/777companysas.com\/index.php\/wp-json\/wp\/v2\/media?parent=858"}],"wp:term":[{"taxonomy":"product_brand","embeddable":true,"href":"https:\/\/777companysas.com\/index.php\/wp-json\/wp\/v2\/product_brand?post=858"},{"taxonomy":"product_cat","embeddable":true,"href":"https:\/\/777companysas.com\/index.php\/wp-json\/wp\/v2\/product_cat?post=858"},{"taxonomy":"product_tag","embeddable":true,"href":"https:\/\/777companysas.com\/index.php\/wp-json\/wp\/v2\/product_tag?post=858"}],"curies":[{"name":"wp","href":"https:\/\/api.w.org\/{rel}","templated":true}]}}