{"id":847,"date":"2026-03-11T01:08:55","date_gmt":"2026-03-11T01:08:55","guid":{"rendered":"https:\/\/777companysas.com\/?post_type=product&#038;p=847"},"modified":"2026-03-11T01:08:55","modified_gmt":"2026-03-11T01:08:55","slug":"impresora-multifuncional-hp-790-smart-tank-wifi-of-blanco","status":"publish","type":"product","link":"https:\/\/777companysas.com\/index.php\/producto\/impresora-multifuncional-hp-790-smart-tank-wifi-of-blanco\/","title":{"rendered":"Impresora Multifuncional HP 790 Smart Tank WiFi Of &#8211; Blanco"},"content":{"rendered":"<p>Impresora Multifuncional Smart tank 790. \u00a1Ahorra f\u00e1cilmente! ,Impulsa la productividad con la instalaci\u00f3n m\u00f3vil, la impresi\u00f3n a doble cara, la interfaz t\u00e1ctil moderna y la funci\u00f3n de env\u00edo de fax, para que puedas conectarte, trabajar e imprimir de forma intuitiva. Trabaja r\u00e1pido y con eficiencia gracias al alimentador autom\u00e1tico de 35 p\u00e1ginas que te ayuda a completar tus trabajos con rapidez. Agregar tinta original HP es un proceso limpio y sencillo con el innovador sistema de llenado antiderrames de HP. Impresi\u00f3n de calidad a bajo costo \u00a1Adqui\u00e9rela ahora! ,<\/p>\n","protected":false},"excerpt":{"rendered":"<p>Imprime duplex hasta 12.000 p\u00e1ginas en negro u 8.000 a color<br \/>\n1 a\u00f1o de Garant\u00eda, mas otro a\u00f1o con el registro en HP.com<br \/>\nImpresi\u00f3n en color de hasta 4800 x 1200 dpi optimizados ,<br \/>\nVelocidad de impresi\u00f3n Negro: Hasta 11cpm, Color: Hasta 5cpm<br \/>\nWi-Fi con reparaci\u00f3n autom\u00e1tica. Mant\u00e9nte conectado<\/p>\n","protected":false},"featured_media":848,"comment_status":"open","ping_status":"closed","template":"","meta":[],"product_brand":[25],"product_cat":[24],"product_tag":[],"class_list":{"0":"post-847","1":"product","2":"type-product","3":"status-publish","4":"has-post-thumbnail","6":"product_brand-hp","7":"product_cat-impresoras","9":"first","10":"instock","11":"shipping-taxable","12":"product-type-simple"},"_links":{"self":[{"href":"https:\/\/777companysas.com\/index.php\/wp-json\/wp\/v2\/product\/847","targetHints":{"allow":["GET"]}}],"collection":[{"href":"https:\/\/777companysas.com\/index.php\/wp-json\/wp\/v2\/product"}],"about":[{"href":"https:\/\/777companysas.com\/index.php\/wp-json\/wp\/v2\/types\/product"}],"replies":[{"embeddable":true,"href":"https:\/\/777companysas.com\/index.php\/wp-json\/wp\/v2\/comments?post=847"}],"wp:featuredmedia":[{"embeddable":true,"href":"https:\/\/777companysas.com\/index.php\/wp-json\/wp\/v2\/media\/848"}],"wp:attachment":[{"href":"https:\/\/777companysas.com\/index.php\/wp-json\/wp\/v2\/media?parent=847"}],"wp:term":[{"taxonomy":"product_brand","embeddable":true,"href":"https:\/\/777companysas.com\/index.php\/wp-json\/wp\/v2\/product_brand?post=847"},{"taxonomy":"product_cat","embeddable":true,"href":"https:\/\/777companysas.com\/index.php\/wp-json\/wp\/v2\/product_cat?post=847"},{"taxonomy":"product_tag","embeddable":true,"href":"https:\/\/777companysas.com\/index.php\/wp-json\/wp\/v2\/product_tag?post=847"}],"curies":[{"name":"wp","href":"https:\/\/api.w.org\/{rel}","templated":true}]}}