{"id":844,"date":"2026-03-11T01:04:00","date_gmt":"2026-03-11T01:04:00","guid":{"rendered":"https:\/\/777companysas.com\/?post_type=product&#038;p=844"},"modified":"2026-03-11T01:04:01","modified_gmt":"2026-03-11T01:04:01","slug":"galaxy-fit-3-rosado-samsung-accesorios","status":"publish","type":"product","link":"https:\/\/777companysas.com\/index.php\/producto\/galaxy-fit-3-rosado-samsung-accesorios\/","title":{"rendered":"GALAXY FIT 3 ROSADO SAMSUNG ACCESORIOS"},"content":{"rendered":"<p>Sum\u00e9rgete en la experiencia de llevar un estilo de vida activo y conectado con el Galaxy Fit3 Negro Oro Rosa. Este dispositivo inteligente, dise\u00f1ado por Samsung, es el compa\u00f1ero ideal para quienes buscan un equilibrio entre funcionalidad y elegancia. Con su pantalla AMOLED de 1.6 pulgadas, disfrutar\u00e1s de una visualizaci\u00f3n clara y vibrante de tus estad\u00edsticas y notificaciones, mientras que su resistente bisel DLC y la malla de silicona ofrecen durabilidad y confort para el uso diario.<\/p>\n<p>La Galaxy Fit3 no solo destaca por su dise\u00f1o sofisticado en color negro oro rosa, sino tambi\u00e9n por su rendimiento excepcional. Con una bater\u00eda de 208 mAh, este dispositivo te permite hasta 13 d\u00edas de uso continuo, asegurando que est\u00e9s siempre listo para seguir tu progreso. Adem\u00e1s, su capacidad de resistencia al agua de hasta 50 metros te permite llevarlo durante tus entrenamientos acu\u00e1ticos sin preocupaciones.<\/p>\n<p>Este modelo cuenta con una memoria interna de 256 MB y una RAM de 16 MB, lo que te permite almacenar y acceder a tus datos de manera eficiente. Los sensores incorporados, como el aceler\u00f3metro, te proporcionan seguimiento preciso de tus actividades, desde el consumo de calor\u00edas hasta la monitorizaci\u00f3n de tus pasos. Adem\u00e1s, su compatibilidad con sistemas operativos Android te asegura una sincronizaci\u00f3n perfecta con tu smartphone.<\/p>\n<p>La Galaxy Fit3 es una smartband pensada para todas las edades, con funciones de reproducci\u00f3n de sonido y pantalla t\u00e1ctil que enriquecen la interacci\u00f3n con el dispositivo. Su conectividad Bluetooth te mantiene al tanto de tus notificaciones y llamadas entrantes, mientras que la funci\u00f3n de carga r\u00e1pida te garantiza que estar\u00e1s listo para continuar con tu rutina sin largas esperas. Con la Galaxy Fit3 Negro Oro Rosa, lleva tu rendimiento al siguiente nivel y mant\u00e9n tu estilo sin sacrificar la tecnolog\u00eda.<\/p>\n<p>Aviso legal<br \/>\n\u2022 La duraci\u00f3n de la bater\u00eda depende del uso que se le d\u00e9 al producto.<\/p>\n","protected":false},"excerpt":{"rendered":"<p>Tipo de pantalla: AMOLED<\/p>\n<p>Con GPS: No<\/p>\n<p>Con Bluetooth: S\u00ed<\/p>\n<p>Duraci\u00f3n de la bater\u00eda: 13 d\u00edas<\/p>\n<p>Es resistente al agua: S\u00ed<\/p>\n<p>Marca: Samsung<\/p>\n","protected":false},"featured_media":845,"comment_status":"open","ping_status":"closed","template":"","meta":[],"product_brand":[21],"product_cat":[17],"product_tag":[],"class_list":{"0":"post-844","1":"product","2":"type-product","3":"status-publish","4":"has-post-thumbnail","6":"product_brand-accesorios","7":"product_cat-sin-categorizar","9":"first","10":"instock","11":"shipping-taxable","12":"product-type-simple"},"_links":{"self":[{"href":"https:\/\/777companysas.com\/index.php\/wp-json\/wp\/v2\/product\/844","targetHints":{"allow":["GET"]}}],"collection":[{"href":"https:\/\/777companysas.com\/index.php\/wp-json\/wp\/v2\/product"}],"about":[{"href":"https:\/\/777companysas.com\/index.php\/wp-json\/wp\/v2\/types\/product"}],"replies":[{"embeddable":true,"href":"https:\/\/777companysas.com\/index.php\/wp-json\/wp\/v2\/comments?post=844"}],"wp:featuredmedia":[{"embeddable":true,"href":"https:\/\/777companysas.com\/index.php\/wp-json\/wp\/v2\/media\/845"}],"wp:attachment":[{"href":"https:\/\/777companysas.com\/index.php\/wp-json\/wp\/v2\/media?parent=844"}],"wp:term":[{"taxonomy":"product_brand","embeddable":true,"href":"https:\/\/777companysas.com\/index.php\/wp-json\/wp\/v2\/product_brand?post=844"},{"taxonomy":"product_cat","embeddable":true,"href":"https:\/\/777companysas.com\/index.php\/wp-json\/wp\/v2\/product_cat?post=844"},{"taxonomy":"product_tag","embeddable":true,"href":"https:\/\/777companysas.com\/index.php\/wp-json\/wp\/v2\/product_tag?post=844"}],"curies":[{"name":"wp","href":"https:\/\/api.w.org\/{rel}","templated":true}]}}