{"id":832,"date":"2026-03-10T16:26:48","date_gmt":"2026-03-10T16:26:48","guid":{"rendered":"https:\/\/777companysas.com\/?post_type=product&#038;p=832"},"modified":"2026-03-11T00:52:17","modified_gmt":"2026-03-11T00:52:17","slug":"audifonos-jbl-tune-720-bt-headphone-bluetooth-over-ear-color-negro","status":"publish","type":"product","link":"https:\/\/777companysas.com\/index.php\/producto\/audifonos-jbl-tune-720-bt-headphone-bluetooth-over-ear-color-negro\/","title":{"rendered":"Audifonos Jbl Tune 720 Bt Headphone Bluetooth Over Ear Color Negro"},"content":{"rendered":"","protected":false},"excerpt":{"rendered":"<p>-Bluetooth 5.3 con audio LE (*)<br \/>\n-Transmisi\u00f3n inal\u00e1mbrica de sonido JBL Pure Bass de alta calidad desde tu smartphone gracias a la \u00faltima tecnolog\u00eda Bluetooth. Optimizaci\u00f3n del rendimiento de Bluetooth con la funci\u00f3n Smart Audio &#038; Video en la aplicaci\u00f3n JBL Headphones seleccionando los modos Audio (para la mejor calidad de sonido) o V\u00eddeo (para una salida de v\u00eddeo y juego \u00f3ptima).<br \/>\n-Sonido JBL Pure Bass<br \/>\n-Experiencia de sonido personalizable a trav\u00e9s de la aplicaci\u00f3n gratuita JBL Headphones.<br \/>\n-Llamadas manos libres con VoiceAware<br \/>\n-Hasta 76 horas de bater\u00eda con carga r\u00e1pida<br \/>\n-Conexi\u00f3n multipunto<br \/>\n-Dise\u00f1o ligero, c\u00f3modo y plegable<br \/>\n-USB tipo C<\/p>\n<p>M\u00c1S DETALLES:<\/p>\n<p>Peso del producto: 0.4 kg<br \/>\nDimensiones: 22 cm x 6 cm x 20 cm cm<br \/>\nMaterial: Plastico<br \/>\nModelo: JBLT720BTBLKAM<br \/>\nColor: Negro<br \/>\nNombre de color: Negro<br \/>\nMPN: JBLT720BTBLKAM<br \/>\nCompatibilidad: universal<br \/>\nSKU: MM906JBL54&#8242;.<\/p>\n","protected":false},"featured_media":831,"comment_status":"open","ping_status":"closed","template":"","meta":[],"product_brand":[21],"product_cat":[17],"product_tag":[],"class_list":{"0":"post-832","1":"product","2":"type-product","3":"status-publish","4":"has-post-thumbnail","6":"product_brand-accesorios","7":"product_cat-sin-categorizar","9":"first","10":"instock","11":"shipping-taxable","12":"product-type-simple"},"_links":{"self":[{"href":"https:\/\/777companysas.com\/index.php\/wp-json\/wp\/v2\/product\/832","targetHints":{"allow":["GET"]}}],"collection":[{"href":"https:\/\/777companysas.com\/index.php\/wp-json\/wp\/v2\/product"}],"about":[{"href":"https:\/\/777companysas.com\/index.php\/wp-json\/wp\/v2\/types\/product"}],"replies":[{"embeddable":true,"href":"https:\/\/777companysas.com\/index.php\/wp-json\/wp\/v2\/comments?post=832"}],"wp:featuredmedia":[{"embeddable":true,"href":"https:\/\/777companysas.com\/index.php\/wp-json\/wp\/v2\/media\/831"}],"wp:attachment":[{"href":"https:\/\/777companysas.com\/index.php\/wp-json\/wp\/v2\/media?parent=832"}],"wp:term":[{"taxonomy":"product_brand","embeddable":true,"href":"https:\/\/777companysas.com\/index.php\/wp-json\/wp\/v2\/product_brand?post=832"},{"taxonomy":"product_cat","embeddable":true,"href":"https:\/\/777companysas.com\/index.php\/wp-json\/wp\/v2\/product_cat?post=832"},{"taxonomy":"product_tag","embeddable":true,"href":"https:\/\/777companysas.com\/index.php\/wp-json\/wp\/v2\/product_tag?post=832"}],"curies":[{"name":"wp","href":"https:\/\/api.w.org\/{rel}","templated":true}]}}