{"id":828,"date":"2026-03-10T16:10:54","date_gmt":"2026-03-10T16:10:54","guid":{"rendered":"https:\/\/777companysas.com\/?post_type=product&#038;p=828"},"modified":"2026-03-11T00:51:02","modified_gmt":"2026-03-11T00:51:02","slug":"audifonos-inalambricos-sony-bluetooth-hch520-b","status":"publish","type":"product","link":"https:\/\/777companysas.com\/index.php\/producto\/audifonos-inalambricos-sony-bluetooth-hch520-b\/","title":{"rendered":"Aud\u00edfonos Inal\u00e1mbricos SONY Bluetooth HCH520\/B"},"content":{"rendered":"<p>Disfruta de una gran calidad de sonido durante todo el d\u00eda. Los Aud\u00edfonos de diadema WH CH520 en color negro, mezclan un excelente balance entre confort y larga duraci\u00f3n de bater\u00eda, ya que permiten gracias a su dise\u00f1o y material pasar largo tiempo con ellos puestos para disfrutar de todos los contenidos favoritos sin preocuparse por la duraci\u00f3n de bater\u00eda, poder usarlos como manos libres para cualquier dispositivo Android, iOS o Windows. \u00a1 Lleva los tuyos ahora !<\/p>\n","protected":false},"excerpt":{"rendered":"<p>Hasta 50 horas de bater\u00eda, energ\u00eda incluso para viajar<br \/>\nFunci\u00f3n multi punto podr\u00e1 conectar a 2 dispositivos al mismo tiempo<br \/>\nCertificado para una mejor experiencia de sonido envolvente 360 RA<br \/>\nApp Headphones Connect disfruta de una experiencia de audio personalizada<br \/>\nMicr\u00f3fono integrado permite hacer llamadas manos libres con claridad cristalina<\/p>\n","protected":false},"featured_media":829,"comment_status":"open","ping_status":"closed","template":"","meta":[],"product_brand":[20],"product_cat":[17],"product_tag":[],"class_list":{"0":"post-828","1":"product","2":"type-product","3":"status-publish","4":"has-post-thumbnail","6":"product_brand-xiaomi","7":"product_cat-sin-categorizar","9":"first","10":"instock","11":"shipping-taxable","12":"product-type-simple"},"_links":{"self":[{"href":"https:\/\/777companysas.com\/index.php\/wp-json\/wp\/v2\/product\/828","targetHints":{"allow":["GET"]}}],"collection":[{"href":"https:\/\/777companysas.com\/index.php\/wp-json\/wp\/v2\/product"}],"about":[{"href":"https:\/\/777companysas.com\/index.php\/wp-json\/wp\/v2\/types\/product"}],"replies":[{"embeddable":true,"href":"https:\/\/777companysas.com\/index.php\/wp-json\/wp\/v2\/comments?post=828"}],"wp:featuredmedia":[{"embeddable":true,"href":"https:\/\/777companysas.com\/index.php\/wp-json\/wp\/v2\/media\/829"}],"wp:attachment":[{"href":"https:\/\/777companysas.com\/index.php\/wp-json\/wp\/v2\/media?parent=828"}],"wp:term":[{"taxonomy":"product_brand","embeddable":true,"href":"https:\/\/777companysas.com\/index.php\/wp-json\/wp\/v2\/product_brand?post=828"},{"taxonomy":"product_cat","embeddable":true,"href":"https:\/\/777companysas.com\/index.php\/wp-json\/wp\/v2\/product_cat?post=828"},{"taxonomy":"product_tag","embeddable":true,"href":"https:\/\/777companysas.com\/index.php\/wp-json\/wp\/v2\/product_tag?post=828"}],"curies":[{"name":"wp","href":"https:\/\/api.w.org\/{rel}","templated":true}]}}