{"id":824,"date":"2026-03-10T14:52:02","date_gmt":"2026-03-10T14:52:02","guid":{"rendered":"https:\/\/777companysas.com\/?post_type=product&#038;p=824"},"modified":"2026-03-11T00:51:16","modified_gmt":"2026-03-11T00:51:16","slug":"824","status":"publish","type":"product","link":"https:\/\/777companysas.com\/index.php\/producto\/824\/","title":{"rendered":"Airpods APPLE"},"content":{"rendered":"<p>Somos DIFERO82.18 a\u00f1os Mercadolideres Platinum.<br \/>\nProducto enviado desde USA<br \/>\nTiempo de entrega : Ver fecha en la Publicaci\u00f3n<\/p>\n","protected":false},"excerpt":{"rendered":"<p>Los auriculares inal\u00e1mbricos Apple AirPods (2\u00aa generaci\u00f3n) con estuche de carga de rayos incluidos.<\/p>\n<p>M\u00e1s de 24 horas de duraci\u00f3n de la bater\u00eda, configuraci\u00f3n sin esfuerzo.<\/p>\n<p>Auriculares Bluetooth para iPhone<\/p>\n<p>Brand: Apple, Nombre del modelo: AirPods, Color: White, Forma Factor: En el o\u00eddo, Conectividad Tecnolog\u00eda: Bluetooth 5.0, Wireless Communication Technology: NFC, Bluetooth, Chip Apple H1, Caracter\u00edstica especial: Tel\u00e9fono iOS Control, liviano, caracter\u00edstica de micr\u00f3fono, deportes y ejercicio, componentes incluidos: Apple AirPods con estuche de carga con cable, rango de edad (descripci\u00f3n): Adulto, Material: Plasticquick Acceso a Siri diciendo \u00abHola Siri\u00bb .<\/p>\n<p>M\u00e1s de 24 horas Tiempo de escucha total con el caso de carga .<\/p>\n<p>Configuraci\u00f3n sin esfuerzo, detecci\u00f3n interna y cambio autom\u00e1tico para una experiencia m\u00e1gica .<\/p>\n<p>Comparta f\u00e1cilmente el audio entre dos conjuntos de AirPods en su iPhone, iPad, iPod Touch o Apple TV<\/p>\n","protected":false},"featured_media":825,"comment_status":"open","ping_status":"closed","template":"","meta":[],"product_brand":[21],"product_cat":[17],"product_tag":[],"class_list":{"0":"post-824","1":"product","2":"type-product","3":"status-publish","4":"has-post-thumbnail","6":"product_brand-accesorios","7":"product_cat-sin-categorizar","9":"first","10":"instock","11":"shipping-taxable","12":"product-type-simple"},"_links":{"self":[{"href":"https:\/\/777companysas.com\/index.php\/wp-json\/wp\/v2\/product\/824","targetHints":{"allow":["GET"]}}],"collection":[{"href":"https:\/\/777companysas.com\/index.php\/wp-json\/wp\/v2\/product"}],"about":[{"href":"https:\/\/777companysas.com\/index.php\/wp-json\/wp\/v2\/types\/product"}],"replies":[{"embeddable":true,"href":"https:\/\/777companysas.com\/index.php\/wp-json\/wp\/v2\/comments?post=824"}],"wp:featuredmedia":[{"embeddable":true,"href":"https:\/\/777companysas.com\/index.php\/wp-json\/wp\/v2\/media\/825"}],"wp:attachment":[{"href":"https:\/\/777companysas.com\/index.php\/wp-json\/wp\/v2\/media?parent=824"}],"wp:term":[{"taxonomy":"product_brand","embeddable":true,"href":"https:\/\/777companysas.com\/index.php\/wp-json\/wp\/v2\/product_brand?post=824"},{"taxonomy":"product_cat","embeddable":true,"href":"https:\/\/777companysas.com\/index.php\/wp-json\/wp\/v2\/product_cat?post=824"},{"taxonomy":"product_tag","embeddable":true,"href":"https:\/\/777companysas.com\/index.php\/wp-json\/wp\/v2\/product_tag?post=824"}],"curies":[{"name":"wp","href":"https:\/\/api.w.org\/{rel}","templated":true}]}}