{"id":817,"date":"2026-03-10T14:40:54","date_gmt":"2026-03-10T14:40:54","guid":{"rendered":"https:\/\/777companysas.com\/?post_type=product&#038;p=817"},"modified":"2026-03-11T00:51:23","modified_gmt":"2026-03-11T00:51:23","slug":"cargador-original-samsung-tipo-c-45w-carga-super","status":"publish","type":"product","link":"https:\/\/777companysas.com\/index.php\/producto\/cargador-original-samsung-tipo-c-45w-carga-super\/","title":{"rendered":"Cargador Original Samsung Tipo C 45W Carga Super"},"content":{"rendered":"<p>CARGADOR SAMSUNG SUPER ULTRA CARGA R\u00c1PIDA 45W &#8211; INCLUYE CABLE TIPO C A TIPO C<\/p>\n<p>Art\u00edculo 100% Original.<br \/>\nArt\u00edculo 100% Nuevo.<\/p>\n<p>Este cargador de pared Samsung con capacidad de carga s\u00faper r\u00e1pida de 45 vatios utiliza Power Delivery (PD) para proporcionar la carga m\u00e1s eficiente posible. Cualquier dispositivo PD, incluido Galaxy Note10, puede cargar hasta 45W.<\/p>\n<p>Ench\u00fafelo a cualquier toma de corriente est\u00e1ndar a trav\u00e9s del adaptador incluido. El cargador Super Fast ofrece hasta 3 amperios para darle energ\u00eda a su tel\u00e9fono a una velocidad mucho m\u00e1s r\u00e1pida que su cargador est\u00e1ndar de 1A o 700mA.<\/p>\n<p>Se incluye un cable USB-C a USB-C, por lo que puede cargar su tel\u00e9fono desde cualquier otra fuente de alimentaci\u00f3n USB-C, como su computadora o una bater\u00eda port\u00e1til. Use el cable para sincronizar y transferir archivos a velocidades incre\u00edbles con su Galaxy o cualquier otro tel\u00e9fono inteligente o laptop compatible.<\/p>\n<p>CARACTER\u00cdSTICAS PRINCIPALES:<\/p>\n<p>Voltaje de Entrada: 100-240V, 50-60Hz.<br \/>\nVoltaje de Salida: (PDO): 5.0VDC-3.0A o 9.0VDC-3.0A o 15VDC-3.0A o 20VDC-2.25A. (PPS): 3.3-11VDC-4.05A o 3.3-16.0VDC-2.8A o 3.3-21VDC-2.1A .<br \/>\nLongitud del Cable: 120Cm.<\/p>\n","protected":false},"excerpt":{"rendered":"<p>COMPATIBILIDAD:<\/p>\n<p>Galaxy S22 Ultra<br \/>\nGalaxy S22 Plus<br \/>\nGalaxy S22<br \/>\nGalaxy S21 Ultra<br \/>\nGalaxy S21 Plus<br \/>\nGalaxy S21<br \/>\nGalaxy S20 Ultra<br \/>\nGalaxy S20 Plus<br \/>\nGalaxy S20<br \/>\nGalaxy S20 Plus<br \/>\nGalaxy Note 20 Ultra<br \/>\nGalaxy Note 20 Plus<br \/>\nGalaxy Note 20<br \/>\nGalaxy Note 10<br \/>\nGalaxy Note 10 Plus<br \/>\nGalaxy Note 9<br \/>\nGalaxy S10 Plus<br \/>\nGalaxy S10<br \/>\nGalaxy A70<br \/>\nGalaxy A80<br \/>\nOtros Dispositivos Conector Tipo C (Puede variar el tiempo de Carga)<\/p>\n<p>POR SU COMPRA SE RECIBIR\u00c1:<\/p>\n<p>Cargador Original Samsung Ultra Super Carga R\u00e1pida de 45W.<br \/>\nCable Original Conector Tipo C a Tipo C.<\/p>\n","protected":false},"featured_media":818,"comment_status":"open","ping_status":"closed","template":"","meta":[],"product_brand":[21],"product_cat":[17],"product_tag":[],"class_list":{"0":"post-817","1":"product","2":"type-product","3":"status-publish","4":"has-post-thumbnail","6":"product_brand-accesorios","7":"product_cat-sin-categorizar","9":"first","10":"instock","11":"shipping-taxable","12":"product-type-simple"},"_links":{"self":[{"href":"https:\/\/777companysas.com\/index.php\/wp-json\/wp\/v2\/product\/817","targetHints":{"allow":["GET"]}}],"collection":[{"href":"https:\/\/777companysas.com\/index.php\/wp-json\/wp\/v2\/product"}],"about":[{"href":"https:\/\/777companysas.com\/index.php\/wp-json\/wp\/v2\/types\/product"}],"replies":[{"embeddable":true,"href":"https:\/\/777companysas.com\/index.php\/wp-json\/wp\/v2\/comments?post=817"}],"wp:featuredmedia":[{"embeddable":true,"href":"https:\/\/777companysas.com\/index.php\/wp-json\/wp\/v2\/media\/818"}],"wp:attachment":[{"href":"https:\/\/777companysas.com\/index.php\/wp-json\/wp\/v2\/media?parent=817"}],"wp:term":[{"taxonomy":"product_brand","embeddable":true,"href":"https:\/\/777companysas.com\/index.php\/wp-json\/wp\/v2\/product_brand?post=817"},{"taxonomy":"product_cat","embeddable":true,"href":"https:\/\/777companysas.com\/index.php\/wp-json\/wp\/v2\/product_cat?post=817"},{"taxonomy":"product_tag","embeddable":true,"href":"https:\/\/777companysas.com\/index.php\/wp-json\/wp\/v2\/product_tag?post=817"}],"curies":[{"name":"wp","href":"https:\/\/api.w.org\/{rel}","templated":true}]}}