{"id":815,"date":"2026-03-10T14:27:16","date_gmt":"2026-03-10T14:27:16","guid":{"rendered":"https:\/\/777companysas.com\/?post_type=product&#038;p=815"},"modified":"2026-03-11T00:51:28","modified_gmt":"2026-03-11T00:51:28","slug":"celular-motorola-moto-g15-512-gb-4-gb-ram","status":"publish","type":"product","link":"https:\/\/777companysas.com\/index.php\/producto\/celular-motorola-moto-g15-512-gb-4-gb-ram\/","title":{"rendered":"Celular MOTOROLA Moto G15 512 GB 4 GB RAM"},"content":{"rendered":"<p>Dale vida a tu entretenimiento con el MOTOROLA G15. Disfruta una pantalla s\u00faper brillante, incluso bajo el sol. Siente el sonido envolvente con parlantes est\u00e9reo, Bass Boost y Dolby Atmos\u00ae. Captura cada detalle con la c\u00e1mara de principal y guardar todo lo que quieras sin preocuparte por el espacio en la memoria de 512GB. Sigue sin parar con una increible bater\u00eda con carga TurboPower\u2122. Todo en un dise\u00f1o elegante con acabado en cuero vegano y resistencia al agua IP53. Ilumina cada d\u00eda con el moto g15. Adquiere el tuyo aqui!<\/p>\n","protected":false},"excerpt":{"rendered":"<p>Guarda todo sin preocuparte con gran espacio interno<br \/>\nDisfruta im\u00e1genes y audio envolventes en todo momento<br \/>\nCaptura cada momento con un sistema de c\u00e1maras potente<br \/>\nEnerg\u00eda para todo el d\u00eda y carga r\u00e1pida cuando m\u00e1s lo necesitas<br \/>\nLuce incre\u00edble y resiste el uso diario<\/p>\n","protected":false},"featured_media":816,"comment_status":"open","ping_status":"closed","template":"","meta":[],"product_brand":[21],"product_cat":[17],"product_tag":[],"class_list":{"0":"post-815","1":"product","2":"type-product","3":"status-publish","4":"has-post-thumbnail","6":"product_brand-accesorios","7":"product_cat-sin-categorizar","9":"first","10":"instock","11":"shipping-taxable","12":"product-type-simple"},"_links":{"self":[{"href":"https:\/\/777companysas.com\/index.php\/wp-json\/wp\/v2\/product\/815","targetHints":{"allow":["GET"]}}],"collection":[{"href":"https:\/\/777companysas.com\/index.php\/wp-json\/wp\/v2\/product"}],"about":[{"href":"https:\/\/777companysas.com\/index.php\/wp-json\/wp\/v2\/types\/product"}],"replies":[{"embeddable":true,"href":"https:\/\/777companysas.com\/index.php\/wp-json\/wp\/v2\/comments?post=815"}],"wp:featuredmedia":[{"embeddable":true,"href":"https:\/\/777companysas.com\/index.php\/wp-json\/wp\/v2\/media\/816"}],"wp:attachment":[{"href":"https:\/\/777companysas.com\/index.php\/wp-json\/wp\/v2\/media?parent=815"}],"wp:term":[{"taxonomy":"product_brand","embeddable":true,"href":"https:\/\/777companysas.com\/index.php\/wp-json\/wp\/v2\/product_brand?post=815"},{"taxonomy":"product_cat","embeddable":true,"href":"https:\/\/777companysas.com\/index.php\/wp-json\/wp\/v2\/product_cat?post=815"},{"taxonomy":"product_tag","embeddable":true,"href":"https:\/\/777companysas.com\/index.php\/wp-json\/wp\/v2\/product_tag?post=815"}],"curies":[{"name":"wp","href":"https:\/\/api.w.org\/{rel}","templated":true}]}}