{"id":805,"date":"2026-03-10T13:36:19","date_gmt":"2026-03-10T13:36:19","guid":{"rendered":"https:\/\/777companysas.com\/?post_type=product&#038;p=805"},"modified":"2026-03-11T00:52:38","modified_gmt":"2026-03-11T00:52:38","slug":"celular-motorola-edge-60-f-5g-256-gb-8-gb-ram","status":"publish","type":"product","link":"https:\/\/777companysas.com\/index.php\/producto\/celular-motorola-edge-60-f-5g-256-gb-8-gb-ram\/","title":{"rendered":"Celular MOTOROLA Edge 60 F 5G 256 GB 8 GB RAM"},"content":{"rendered":"<p>Presentamos el MOTOROLA edge 60 fusion con un dise\u00f1o elegante y curvo. Captura fotos en cualquier contexto gracias al sistema de c\u00e1maras Sony LYTIA\u2122. El tel\u00e9fono estar\u00e1 protegido sin prescindir de la elegancia. Disfruta de una pantalla brillante, adem\u00e1s, obt\u00e9n bater\u00eda para todo el d\u00eda con solo unos minutos de carga. Moto ai hace que los momentos cotidianos sean m\u00e1s f\u00e1ciles e intuitivos, ya sea que quieras tomar fotos perfectas u organizar las notificaciones. Potencia tu desempe\u00f1o al m\u00e1ximo con el motorola edge 60 fusion. Compra el tuyo aqui ahora!<\/p>\n","protected":false},"excerpt":{"rendered":"<p>Excelente resistencia en una pantalla curva<br \/>\nPoderoso sistema de camaras con IA<br \/>\n5200  mAh Bateria para todo el d\u00eda<\/p>\n<p>Moto Ai Tu vida m\u00e1s f\u00e1cil y creativa<\/p>\n","protected":false},"featured_media":806,"comment_status":"open","ping_status":"closed","template":"","meta":[],"product_brand":[20],"product_cat":[17],"product_tag":[],"class_list":{"0":"post-805","1":"product","2":"type-product","3":"status-publish","4":"has-post-thumbnail","6":"product_brand-xiaomi","7":"product_cat-sin-categorizar","9":"first","10":"instock","11":"shipping-taxable","12":"product-type-simple"},"_links":{"self":[{"href":"https:\/\/777companysas.com\/index.php\/wp-json\/wp\/v2\/product\/805","targetHints":{"allow":["GET"]}}],"collection":[{"href":"https:\/\/777companysas.com\/index.php\/wp-json\/wp\/v2\/product"}],"about":[{"href":"https:\/\/777companysas.com\/index.php\/wp-json\/wp\/v2\/types\/product"}],"replies":[{"embeddable":true,"href":"https:\/\/777companysas.com\/index.php\/wp-json\/wp\/v2\/comments?post=805"}],"wp:featuredmedia":[{"embeddable":true,"href":"https:\/\/777companysas.com\/index.php\/wp-json\/wp\/v2\/media\/806"}],"wp:attachment":[{"href":"https:\/\/777companysas.com\/index.php\/wp-json\/wp\/v2\/media?parent=805"}],"wp:term":[{"taxonomy":"product_brand","embeddable":true,"href":"https:\/\/777companysas.com\/index.php\/wp-json\/wp\/v2\/product_brand?post=805"},{"taxonomy":"product_cat","embeddable":true,"href":"https:\/\/777companysas.com\/index.php\/wp-json\/wp\/v2\/product_cat?post=805"},{"taxonomy":"product_tag","embeddable":true,"href":"https:\/\/777companysas.com\/index.php\/wp-json\/wp\/v2\/product_tag?post=805"}],"curies":[{"name":"wp","href":"https:\/\/api.w.org\/{rel}","templated":true}]}}