{"id":803,"date":"2026-03-10T13:34:17","date_gmt":"2026-03-10T13:34:17","guid":{"rendered":"https:\/\/777companysas.com\/?post_type=product&#038;p=803"},"modified":"2026-03-11T00:52:39","modified_gmt":"2026-03-11T00:52:39","slug":"celular-xiaomi-redmi-a5-4gb-128gb-black","status":"publish","type":"product","link":"https:\/\/777companysas.com\/index.php\/producto\/celular-xiaomi-redmi-a5-4gb-128gb-black\/","title":{"rendered":"Celular Xiaomi Redmi A5 4GB 128GB Black"},"content":{"rendered":"<p>REDMI A5 Negro es el compa\u00f1ero que transforma cada d\u00eda en una experiencia \u00fanica. Su dise\u00f1o ergon\u00f3mico te invita a explorar sin l\u00edmites, conectarte con quienes te inspiran y capturar momentos que cuentan tu historia. La interfaz intuitiva facilita cada acci\u00f3n, permiti\u00e9ndote concentrarte en lo que te apasiona. Vive con intensidad, comparte tus vivencias y disfruta de la libertad que te brinda. \u00a1Hazlo tuyo y siente la diferencia! LLeva el tuyo ahora!<\/p>\n","protected":false},"excerpt":{"rendered":"<p>Memoria Interna: 128 GB<br \/>\nMemoria RAM: 4 GB<br \/>\nMemoria Expandible: 1000 GB<br \/>\nMarca del Procesador: Unisoc<br \/>\nN\u00famero de N\u00facleos (m\u00e1s n\u00facleos m\u00e1s multitareas): 8 Nucleos<br \/>\nVelocidad del Procesador: hasta 1,8 GHz<br \/>\nSistema Operativo: Android<br \/>\nVersi\u00f3n Sistema Operativo: HyperOS 2 basado en Android 15 (Go edition)<br \/>\nC\u00e1mara<br \/>\nTipo de C\u00e1mara Frontal: Sencilla<br \/>\nResoluci\u00f3n C\u00e1mara Frontal 1: 8 Mpx<br \/>\nTipo de C\u00e1mara Posterior: Dual<br \/>\nResoluci\u00f3n C\u00e1mara Posterior 1: 32 Mpx<br \/>\nResoluci\u00f3n Otras C\u00e1maras Posteriores: QVGA<br \/>\nFlash Frontal: No Tiene Flash Frontal<br \/>\nFlash Posterior: SI Tiene Flash Posterior<br \/>\nImagen y Pantalla<br \/>\nTama\u00f1o Pantalla: 6.88 Pulgadas<br \/>\nTipo de Pantalla: LCD<br \/>\nResoluci\u00f3n Pantalla: 1640 X 720<br \/>\nCaracter\u00edsticas T\u00e9cnicas<br \/>\nEs Smartphone: Si es Smartphone<br \/>\nCapacidad de la Bater\u00eda: 5200 mAh<br \/>\nResistencia al Agua: No Resistente al Agua<br \/>\nTipo de Lector de Huella: Lateral<br \/>\nEs Plegable: No es plegable<br \/>\nConectividad<br \/>\nRed de Transmisi\u00f3n de Datos: 4G<br \/>\nEspacios Para SIM Card: Dual SIM<br \/>\neSIM\/SIM Virtual: No<br \/>\nFuentes de alimentaci\u00f3n de energ\u00eda: Bater\u00eda Recargable Interna<br \/>\nTipos de Puertos Entradas y Salidas<br \/>\nPuerto USB Tipo C<br \/>\nOpciones de Conectividad<br \/>\nBluetooth<br \/>\nWiFi<br \/>\nCaracter\u00edsticas Especiales<br \/>\nLector de Huella<br \/>\nPantalla T\u00e1ctil<br \/>\nTienda de Aplicaciones<\/p>\n","protected":false},"featured_media":804,"comment_status":"open","ping_status":"closed","template":"","meta":[],"product_brand":[20],"product_cat":[17],"product_tag":[],"class_list":{"0":"post-803","1":"product","2":"type-product","3":"status-publish","4":"has-post-thumbnail","6":"product_brand-xiaomi","7":"product_cat-sin-categorizar","9":"first","10":"instock","11":"shipping-taxable","12":"product-type-simple"},"_links":{"self":[{"href":"https:\/\/777companysas.com\/index.php\/wp-json\/wp\/v2\/product\/803","targetHints":{"allow":["GET"]}}],"collection":[{"href":"https:\/\/777companysas.com\/index.php\/wp-json\/wp\/v2\/product"}],"about":[{"href":"https:\/\/777companysas.com\/index.php\/wp-json\/wp\/v2\/types\/product"}],"replies":[{"embeddable":true,"href":"https:\/\/777companysas.com\/index.php\/wp-json\/wp\/v2\/comments?post=803"}],"wp:featuredmedia":[{"embeddable":true,"href":"https:\/\/777companysas.com\/index.php\/wp-json\/wp\/v2\/media\/804"}],"wp:attachment":[{"href":"https:\/\/777companysas.com\/index.php\/wp-json\/wp\/v2\/media?parent=803"}],"wp:term":[{"taxonomy":"product_brand","embeddable":true,"href":"https:\/\/777companysas.com\/index.php\/wp-json\/wp\/v2\/product_brand?post=803"},{"taxonomy":"product_cat","embeddable":true,"href":"https:\/\/777companysas.com\/index.php\/wp-json\/wp\/v2\/product_cat?post=803"},{"taxonomy":"product_tag","embeddable":true,"href":"https:\/\/777companysas.com\/index.php\/wp-json\/wp\/v2\/product_tag?post=803"}],"curies":[{"name":"wp","href":"https:\/\/api.w.org\/{rel}","templated":true}]}}