{"id":799,"date":"2026-03-10T13:25:27","date_gmt":"2026-03-10T13:25:27","guid":{"rendered":"https:\/\/777companysas.com\/?post_type=product&#038;p=799"},"modified":"2026-03-11T00:52:50","modified_gmt":"2026-03-11T00:52:50","slug":"celular-xiaomi-redmi-15c-256-gb-8-gb-ram","status":"publish","type":"product","link":"https:\/\/777companysas.com\/index.php\/producto\/celular-xiaomi-redmi-15c-256-gb-8-gb-ram\/","title":{"rendered":"Celular XIAOMI Redmi 15C 256 GB 8 GB RAM"},"content":{"rendered":"<p>Capacidad de almacenamiento: 256 GB<br \/>\nConectividad: 4G<br \/>\nMarca y modelo del procesador: Mediatek G81 Ultra<br \/>\nSistema operativo: Android<br \/>\nMemoria RAM: 4GB<br \/>\nC\u00e1mara posterior: 50 MP<br \/>\nCarga r\u00e1pida: S\u00ed<br \/>\nC\u00e1mara frontal: 8 MP<br \/>\nFlash frontal: No<br \/>\nN\u00facleos del procesador: Octa core<br \/>\nVelocidad del procesador: 2.0GHz<br \/>\nTasa de refresco: 120 Hz<br \/>\nMemoria expandible: No aplica<br \/>\nMemoria externa incluida: No<br \/>\nCaracter\u00edsticas de la pantalla: LCD<br \/>\nTama\u00f1o de la pantalla: 6.9 pulgadas<br \/>\nLector de huella: S\u00ed<br \/>\nGPS integrado: S\u00ed<br \/>\nConexi\u00f3n Bluetooth: S\u00ed<br \/>\nResistente al agua: IP67 (Protegido contra polvo y humedad)<br \/>\nBater\u00eda: 6000 mAh<br \/>\nDual SIM: S\u00ed<br \/>\nMarca: XIAOMI<br \/>\nModelo: Redmi 15C<br \/>\nTipo: Smartphones<br \/>\nAlto: 17,32 cm<br \/>\nAncho: 8,11 cm<br \/>\nProfundidad: 0,82 cm<br \/>\nPeso del producto: 0,211 kg<br \/>\nAccesorios que incluye: Adaptador de carga | Cable USB | Herramienta de expulsi\u00f3n de SIM|Tarjeta de garant\u00eda | Gu\u00eda de usuario<br \/>\nGarant\u00eda del proveedor: 12 meses<br \/>\nHecho en: China<br \/>\nNombre comercial: Redmi 15C<br \/>\nPotencia de carga: 45 W<br \/>\nVersi\u00f3n conexi\u00f3n bluetooth: Bluetooth 5.4<br \/>\nCondici\u00f3n del producto: Nuevo<br \/>\nMarca procesador: Mediatek<br \/>\nRegistro SIC: 901530638<br \/>\nNIT: 901530638<br \/>\nNombre del fabricante o importador: XIAOMI COLOMBIA SAS<br \/>\nModo de fabricaci\u00f3n: Industrial<br \/>\nCantidad: 1<br \/>\nMaterial de electrodom\u00e9sticos: Varios<br \/>\nForma de empleo \/ Uso: Encender presionando el bot\u00f3n principal. Seguir los pasos de configuraci\u00f3n inicial. Insertar SIM si aplica y conectarse a Wi-Fi. Descargar apps desde la tienda oficial. Revisar las instrucciones de uso del fabricante.<br \/>\nRestricciones de uso: No usar mientras se conduce. Evitar exposici\u00f3n a humedad, polvo y temperaturas extremas. No desmontar ni modificar. Usar cargadores originales. Mantener fuera del alcance de ni\u00f1os. Revisar las instrucciones de uso del fabricante. Revisar las instrucciones de uso del fabricante.<br \/>\nCuidado del producto: El uso de cables, adaptadores de alimentaci\u00f3n o bater\u00edas no autorizados puede provocar incendios, explosiones u otros riesgos. \u00bf Utilice \u00fanicamente accesorios autorizados que sean compatibles con su dispositivo. \u00bf Si el dispositivo cuenta con una bater\u00eda incorporada, no intente reemplazarla por su cuenta para evitar da\u00f1ar la bater\u00eda o el dispositivo. \u00bf Cargue este dispositivo solo con el cable y el adaptador de alimentaci\u00f3n incluidos o autorizados. El uso de otros adaptadores puede provocar incendios, descargas el\u00e9ctricas y da\u00f1os en el dispositivo y el adaptador.<br \/>\nSistema operativo espec\u00edfico: Android 15<\/p>\n","protected":false},"excerpt":{"rendered":"<p>La memoria interna y la RAM disponibles para el usuario dependen del sistema operativo y las aplicaciones precargadas.<\/p>\n","protected":false},"featured_media":800,"comment_status":"open","ping_status":"closed","template":"","meta":[],"product_brand":[20],"product_cat":[17],"product_tag":[],"class_list":{"0":"post-799","1":"product","2":"type-product","3":"status-publish","4":"has-post-thumbnail","6":"product_brand-xiaomi","7":"product_cat-sin-categorizar","9":"first","10":"instock","11":"shipping-taxable","12":"product-type-simple"},"_links":{"self":[{"href":"https:\/\/777companysas.com\/index.php\/wp-json\/wp\/v2\/product\/799","targetHints":{"allow":["GET"]}}],"collection":[{"href":"https:\/\/777companysas.com\/index.php\/wp-json\/wp\/v2\/product"}],"about":[{"href":"https:\/\/777companysas.com\/index.php\/wp-json\/wp\/v2\/types\/product"}],"replies":[{"embeddable":true,"href":"https:\/\/777companysas.com\/index.php\/wp-json\/wp\/v2\/comments?post=799"}],"wp:featuredmedia":[{"embeddable":true,"href":"https:\/\/777companysas.com\/index.php\/wp-json\/wp\/v2\/media\/800"}],"wp:attachment":[{"href":"https:\/\/777companysas.com\/index.php\/wp-json\/wp\/v2\/media?parent=799"}],"wp:term":[{"taxonomy":"product_brand","embeddable":true,"href":"https:\/\/777companysas.com\/index.php\/wp-json\/wp\/v2\/product_brand?post=799"},{"taxonomy":"product_cat","embeddable":true,"href":"https:\/\/777companysas.com\/index.php\/wp-json\/wp\/v2\/product_cat?post=799"},{"taxonomy":"product_tag","embeddable":true,"href":"https:\/\/777companysas.com\/index.php\/wp-json\/wp\/v2\/product_tag?post=799"}],"curies":[{"name":"wp","href":"https:\/\/api.w.org\/{rel}","templated":true}]}}