{"id":770,"date":"2026-03-09T13:02:09","date_gmt":"2026-03-09T13:02:09","guid":{"rendered":"https:\/\/777companysas.com\/?post_type=product&#038;p=770"},"modified":"2026-03-11T15:12:11","modified_gmt":"2026-03-11T15:12:11","slug":"770","status":"publish","type":"product","link":"https:\/\/777companysas.com\/index.php\/producto\/770\/","title":{"rendered":"Celular SAMSUNG Galaxy S25 FE 256 GB 8 GB RAM"},"content":{"rendered":"<p>Traducci\u00f3n en tiempo real en llamadas con Galaxy AI<br \/>\nCamara 50MP, captura fotos en alta calidad<br \/>\nExynos 2400 calidad y Rendimiento insignia<br \/>\nBater\u00eda para todo el dia de 4,900mAh<\/p>\n","protected":false},"excerpt":{"rendered":"<p>Descubre el SAMSUNG Galaxy S25 FE, un smartphone con dise\u00f1o premium, ultra delgado y cristal duradero. Disfruta de la potencia de Galaxy AI con herramientas como Circle to Search y Asistente virtual, que hacen tu d\u00eda mas simple, eficiente y productivo. Captura momentos \u00fanicos con su c\u00e1mara y revive cada detalle en la galeria. Su bateria y procesador te brindan un rendimiento consistente para todo lo que imaginas. \u00a1Lleva el tuyo ahora y vive la innovacion d\u00eda a d\u00eda!<\/p>\n","protected":false},"featured_media":771,"comment_status":"open","ping_status":"closed","template":"","meta":[],"product_brand":[19],"product_cat":[17],"product_tag":[],"class_list":{"0":"post-770","1":"product","2":"type-product","3":"status-publish","4":"has-post-thumbnail","6":"product_brand-samsung","7":"product_cat-sin-categorizar","9":"first","10":"instock","11":"shipping-taxable","12":"product-type-simple"},"_links":{"self":[{"href":"https:\/\/777companysas.com\/index.php\/wp-json\/wp\/v2\/product\/770","targetHints":{"allow":["GET"]}}],"collection":[{"href":"https:\/\/777companysas.com\/index.php\/wp-json\/wp\/v2\/product"}],"about":[{"href":"https:\/\/777companysas.com\/index.php\/wp-json\/wp\/v2\/types\/product"}],"replies":[{"embeddable":true,"href":"https:\/\/777companysas.com\/index.php\/wp-json\/wp\/v2\/comments?post=770"}],"wp:featuredmedia":[{"embeddable":true,"href":"https:\/\/777companysas.com\/index.php\/wp-json\/wp\/v2\/media\/771"}],"wp:attachment":[{"href":"https:\/\/777companysas.com\/index.php\/wp-json\/wp\/v2\/media?parent=770"}],"wp:term":[{"taxonomy":"product_brand","embeddable":true,"href":"https:\/\/777companysas.com\/index.php\/wp-json\/wp\/v2\/product_brand?post=770"},{"taxonomy":"product_cat","embeddable":true,"href":"https:\/\/777companysas.com\/index.php\/wp-json\/wp\/v2\/product_cat?post=770"},{"taxonomy":"product_tag","embeddable":true,"href":"https:\/\/777companysas.com\/index.php\/wp-json\/wp\/v2\/product_tag?post=770"}],"curies":[{"name":"wp","href":"https:\/\/api.w.org\/{rel}","templated":true}]}}