{"id":768,"date":"2026-03-09T12:58:51","date_gmt":"2026-03-09T12:58:51","guid":{"rendered":"https:\/\/777companysas.com\/?post_type=product&#038;p=768"},"modified":"2026-03-11T15:12:18","modified_gmt":"2026-03-11T15:12:18","slug":"iphone-14-pro-5g-128-gb-reacondicionado","status":"publish","type":"product","link":"https:\/\/777companysas.com\/index.php\/producto\/iphone-14-pro-5g-128-gb-reacondicionado\/","title":{"rendered":"Iphone 14 Pro 5G 128 Gb Reacondicionado"},"content":{"rendered":"<p>Sistema operativo<br \/>\niOS<br \/>\nAltavoz<br \/>\nSi<br \/>\nCapacidad de almacenamiento<br \/>\n128 GB<br \/>\nVelocidad del procesador<br \/>\n3.46<br \/>\nRadio<br \/>\nNo<br \/>\nProcesador<br \/>\niOS<br \/>\nDual Sim<br \/>\nSi<br \/>\nMemoria del Sistema Ram<br \/>\n6 GB<\/p>\n","protected":false},"excerpt":{"rendered":"<p>El Apple iPhone 14 Pro eleva la experiencia con su pantalla OLED Super Retina XDR de 6.1 pulgadas, ahora con Dynamic Island, que reemplaza el notch con un dise\u00f1o interactivo. Equipado con el potente procesador Apple A16 Bionic, ofrece un rendimiento superior y mayor eficiencia energ\u00e9tica. Disponible en versiones de 128GB, 256GB, 512GB y 1TB de almacenamiento. Su sistema de c\u00e1maras incluye un sensor principal de 48MP, acompa\u00f1ado de un ultra gran angular y un teleobjetivo de 12MP, brindando mayor detalle y versatilidad fotogr\u00e1fica. La c\u00e1mara frontal de 12MP incorpora enfoque autom\u00e1tico para selfies m\u00e1s n\u00edtidos. Adem\u00e1s, cuenta con Face ID, parlantes est\u00e9reo, certificaci\u00f3n IP68 resistente al agua y polvo, carga r\u00e1pida e inal\u00e1mbrica. CELULAR REACONDICIONADO: Este equipo pas\u00f3 por una revisi\u00f3n t\u00e9cnica que garantiza perfecta funcionalidad. Incluye cable de datos gen\u00e9rico, NO incluye cargador ni manos libres. Este dispositivo es original y con esta compra apoyas el cuidado del medio ambiente al evitar la fabricaci\u00f3n de nuevos dispositivos.<\/p>\n","protected":false},"featured_media":769,"comment_status":"open","ping_status":"closed","template":"","meta":[],"product_brand":[18],"product_cat":[17],"product_tag":[],"class_list":{"0":"post-768","1":"product","2":"type-product","3":"status-publish","4":"has-post-thumbnail","6":"product_brand-iphone","7":"product_cat-sin-categorizar","9":"first","10":"instock","11":"shipping-taxable","12":"product-type-simple"},"_links":{"self":[{"href":"https:\/\/777companysas.com\/index.php\/wp-json\/wp\/v2\/product\/768","targetHints":{"allow":["GET"]}}],"collection":[{"href":"https:\/\/777companysas.com\/index.php\/wp-json\/wp\/v2\/product"}],"about":[{"href":"https:\/\/777companysas.com\/index.php\/wp-json\/wp\/v2\/types\/product"}],"replies":[{"embeddable":true,"href":"https:\/\/777companysas.com\/index.php\/wp-json\/wp\/v2\/comments?post=768"}],"wp:featuredmedia":[{"embeddable":true,"href":"https:\/\/777companysas.com\/index.php\/wp-json\/wp\/v2\/media\/769"}],"wp:attachment":[{"href":"https:\/\/777companysas.com\/index.php\/wp-json\/wp\/v2\/media?parent=768"}],"wp:term":[{"taxonomy":"product_brand","embeddable":true,"href":"https:\/\/777companysas.com\/index.php\/wp-json\/wp\/v2\/product_brand?post=768"},{"taxonomy":"product_cat","embeddable":true,"href":"https:\/\/777companysas.com\/index.php\/wp-json\/wp\/v2\/product_cat?post=768"},{"taxonomy":"product_tag","embeddable":true,"href":"https:\/\/777companysas.com\/index.php\/wp-json\/wp\/v2\/product_tag?post=768"}],"curies":[{"name":"wp","href":"https:\/\/api.w.org\/{rel}","templated":true}]}}