{"id":766,"date":"2026-03-09T12:56:20","date_gmt":"2026-03-09T12:56:20","guid":{"rendered":"https:\/\/777companysas.com\/?post_type=product&#038;p=766"},"modified":"2026-03-11T15:12:26","modified_gmt":"2026-03-11T15:12:26","slug":"iphone-15-128gb-6gb-negro","status":"publish","type":"product","link":"https:\/\/777companysas.com\/index.php\/producto\/iphone-15-128gb-6gb-negro\/","title":{"rendered":"Iphone 15 128Gb 6Gb Negro"},"content":{"rendered":"<p>Tama\u00f1o de pantalla<br \/>\n6.1&#8243; pulgadas<br \/>\nSistema operativo<br \/>\niOS<br \/>\nRango Bateria<br \/>\n4001 mAh a 4500 mAh<br \/>\nTipo de C\u00e1mara Principal<br \/>\nDual<br \/>\nCapacidad de almacenamiento<br \/>\n128 GB<br \/>\nVelocidad del procesador<br \/>\n3.46 GHz<br \/>\nProcesador<br \/>\nA16 Bionic<br \/>\nMemoria del Sistema Ram<br \/>\n6 GB<\/p>\n","protected":false},"excerpt":{"rendered":"<p>Memoria Interna: 128 GB<\/p>\n<p>Memoria Interna: 128 GB<\/p>\n<p>Memoria RAM: 6 GB<\/p>\n<p>Marca del Procesador: Apple N\u00famero de N\u00facleos (m\u00e1s n\u00facleos m\u00e1s multitareas):6 Nucleos<\/p>\n<p>Velocidad del Procesador: 3,4 Ghz<\/p>\n<p>Sistema Operativo: iOS<\/p>\n<p>Tipo de Camara Frontal: Sencilla<\/p>\n<p>Tipo de Camara Posterior:Dual<\/p>\n<p>C\u00e1mara posterior: 48 MP<\/p>\n<p>C\u00e1mara frontal: 12 MP<\/p>\n<p>Capacidad de la bater\u00eda (en mAh): Lithium Ion (3.877 mAh)<\/p>\n<p>Caracteristicas EspecialesPantalla T\u00e1ctil Reconocimiento<\/p>\n<p>Facial Tecnolog\u00eda NFC Tiene Carga R\u00e1pida.<\/p>\n","protected":false},"featured_media":767,"comment_status":"open","ping_status":"closed","template":"","meta":[],"product_brand":[18],"product_cat":[17],"product_tag":[],"class_list":{"0":"post-766","1":"product","2":"type-product","3":"status-publish","4":"has-post-thumbnail","6":"product_brand-iphone","7":"product_cat-sin-categorizar","9":"first","10":"instock","11":"shipping-taxable","12":"product-type-simple"},"_links":{"self":[{"href":"https:\/\/777companysas.com\/index.php\/wp-json\/wp\/v2\/product\/766","targetHints":{"allow":["GET"]}}],"collection":[{"href":"https:\/\/777companysas.com\/index.php\/wp-json\/wp\/v2\/product"}],"about":[{"href":"https:\/\/777companysas.com\/index.php\/wp-json\/wp\/v2\/types\/product"}],"replies":[{"embeddable":true,"href":"https:\/\/777companysas.com\/index.php\/wp-json\/wp\/v2\/comments?post=766"}],"wp:featuredmedia":[{"embeddable":true,"href":"https:\/\/777companysas.com\/index.php\/wp-json\/wp\/v2\/media\/767"}],"wp:attachment":[{"href":"https:\/\/777companysas.com\/index.php\/wp-json\/wp\/v2\/media?parent=766"}],"wp:term":[{"taxonomy":"product_brand","embeddable":true,"href":"https:\/\/777companysas.com\/index.php\/wp-json\/wp\/v2\/product_brand?post=766"},{"taxonomy":"product_cat","embeddable":true,"href":"https:\/\/777companysas.com\/index.php\/wp-json\/wp\/v2\/product_cat?post=766"},{"taxonomy":"product_tag","embeddable":true,"href":"https:\/\/777companysas.com\/index.php\/wp-json\/wp\/v2\/product_tag?post=766"}],"curies":[{"name":"wp","href":"https:\/\/api.w.org\/{rel}","templated":true}]}}