{"id":764,"date":"2026-03-09T12:52:17","date_gmt":"2026-03-09T12:52:17","guid":{"rendered":"https:\/\/777companysas.com\/?post_type=product&#038;p=764"},"modified":"2026-03-11T15:12:35","modified_gmt":"2026-03-11T15:12:35","slug":"iphone-16-pro-max-5g-256gb-desierto-reacondicionado","status":"publish","type":"product","link":"https:\/\/777companysas.com\/index.php\/producto\/iphone-16-pro-max-5g-256gb-desierto-reacondicionado\/","title":{"rendered":"Iphone 16 Pro Max 5G 256Gb Desierto Reacondicionado"},"content":{"rendered":"<p>Sistema operativo<br \/>\niOS<br \/>\nAltavoz<br \/>\nSi<br \/>\nCapacidad de almacenamiento<br \/>\n256 GB<br \/>\nVelocidad del procesador<br \/>\nHexa-core (2&#215;4.05 GHz + 4&#215;2.42 GHz)<br \/>\nRadio<br \/>\nNo<br \/>\nProcesador<br \/>\nApple A18 Pro (3 nm)<br \/>\nDual Sim<br \/>\nNo<br \/>\nMemoria del Sistema Ram<br \/>\n8 GB<\/p>\n","protected":false},"excerpt":{"rendered":"<p>iPhone 16 Pro Max 5G 256Gb Titanio del Desierto &#8211; Reacondicionado<\/p>\n<p>Equipo APPLE como nuevo \/ Bater\u00eda entre el 85 al 95% de condici\u00f3n<\/p>\n<p>\u00a1Ahorra sin sacrificar calidad!<\/p>\n<p>\u00bfQu\u00e9 debes tener en cuenta?<br \/>\nEst\u00e1s adquiriendo un celular REACONDICIONADO de Exhibici\u00f3n APPLE, dispositivo m\u00f3vil que ha sido diagnosticado (proceso de limpieza, inspecci\u00f3n y restauraci\u00f3n de 0 en tienda Apple).<\/p>\n<p>NO ES UN EQUIPO NUEVO, ha sido probado para funcionar como uno nuevo, pero NO es nuevo, tiene buena apariencia est\u00e9tica y marcas de uso visibles. Producto Apple de Exhibici\u00f3n.<\/p>\n<p>\u00bfQue incluye?<br \/>\nCable USB-C a USB-C (Gen\u00e9rico de magnifica calidad).<\/p>\n<p>\u00bfNO incluye?<br \/>\nNo incluye Caja, no incluye llave (pin), no incluye instrucciones de uso.<\/p>\n","protected":false},"featured_media":765,"comment_status":"open","ping_status":"closed","template":"","meta":[],"product_brand":[18],"product_cat":[17],"product_tag":[],"class_list":{"0":"post-764","1":"product","2":"type-product","3":"status-publish","4":"has-post-thumbnail","6":"product_brand-iphone","7":"product_cat-sin-categorizar","9":"first","10":"instock","11":"shipping-taxable","12":"product-type-simple"},"_links":{"self":[{"href":"https:\/\/777companysas.com\/index.php\/wp-json\/wp\/v2\/product\/764","targetHints":{"allow":["GET"]}}],"collection":[{"href":"https:\/\/777companysas.com\/index.php\/wp-json\/wp\/v2\/product"}],"about":[{"href":"https:\/\/777companysas.com\/index.php\/wp-json\/wp\/v2\/types\/product"}],"replies":[{"embeddable":true,"href":"https:\/\/777companysas.com\/index.php\/wp-json\/wp\/v2\/comments?post=764"}],"wp:featuredmedia":[{"embeddable":true,"href":"https:\/\/777companysas.com\/index.php\/wp-json\/wp\/v2\/media\/765"}],"wp:attachment":[{"href":"https:\/\/777companysas.com\/index.php\/wp-json\/wp\/v2\/media?parent=764"}],"wp:term":[{"taxonomy":"product_brand","embeddable":true,"href":"https:\/\/777companysas.com\/index.php\/wp-json\/wp\/v2\/product_brand?post=764"},{"taxonomy":"product_cat","embeddable":true,"href":"https:\/\/777companysas.com\/index.php\/wp-json\/wp\/v2\/product_cat?post=764"},{"taxonomy":"product_tag","embeddable":true,"href":"https:\/\/777companysas.com\/index.php\/wp-json\/wp\/v2\/product_tag?post=764"}],"curies":[{"name":"wp","href":"https:\/\/api.w.org\/{rel}","templated":true}]}}